{"id":918,"date":"2018-12-04T09:35:21","date_gmt":"2018-12-04T08:35:21","guid":{"rendered":"https:\/\/hagmann.co.at\/wachauer-schokolade\/"},"modified":"2018-12-05T08:49:03","modified_gmt":"2018-12-05T07:49:03","slug":"wachauer-chocolate","status":"publish","type":"page","link":"https:\/\/hagmann.co.at\/en\/wachauer-chocolate\/","title":{"rendered":"Wachauer Chocolate"},"content":{"rendered":"<div class=\"fusion-fullwidth fullwidth-box fusion-builder-row-1 nonhundred-percent-fullwidth non-hundred-percent-height-scrolling\" style=\"--awb-background-position:left top;--awb-border-radius-top-left:0px;--awb-border-radius-top-right:0px;--awb-border-radius-bottom-right:0px;--awb-border-radius-bottom-left:0px;--awb-padding-top:0px;--awb-padding-bottom:50px;--awb-border-sizes-top:0px;--awb-border-sizes-bottom:0px;--awb-flex-wrap:wrap;\" ><div class=\"fusion-builder-row fusion-row\"><div class=\"fusion-layout-column fusion_builder_column fusion-builder-column-0 fusion_builder_column_1_1 1_1 fusion-one-full fusion-column-first fusion-column-last\" style=\"--awb-bg-size:cover;\"><div class=\"fusion-column-wrapper fusion-flex-column-wrapper-legacy\"><div class=\"fusion-title title fusion-title-1 fusion-sep-none fusion-title-text fusion-title-size-one\" style=\"--awb-margin-bottom:60px;--awb-margin-top-small:10px;--awb-margin-right-small:0px;--awb-margin-bottom-small:10px;--awb-margin-left-small:0px;\"><h1 class=\"fusion-title-heading title-heading-left fusion-responsive-typography-calculated\" style=\"margin:0;--fontSize:26;line-height:1.4;\">Wachauer Chocolate<\/h1><\/div>\t\t\t\t\t<div class=\"fusion-slider-container fusion-slider-sc-wachauer-chocolate fusion-slider-96 full-width-slider\" style=\"height:400px; max-width:100%;\" data-id=\"96\" data-full_height=\"\">\n\t\t\t\t\t\t<style type=\"text\/css\">.fusion-slider-96 .flex-direction-nav a {width:63px;height:63px;line-height:63px;font-size:25px;}<\/style>\t\t\t\t\t\t<div class=\"fusion-slider-loading\">Loading...<\/div>\n\t\t\t\t\t\t<div class=\"tfs-slider flexslider main-flex full-width-slider\" data-slider_width=\"100%\" data-slider_height=\"400px\" data-full_screen=\"0\" data-parallax=\"0\" data-nav_arrows=\"0\" data-nav_box_width=\"63px\" data-nav_box_height=\"63px\" data-nav_arrow_size=\"25px\" data-autoplay=\"1\" data-loop=\"1\" data-orderby=\"date\" data-order=\"DESC\" data-animation=\"fade\" data-slideshow_speed=\"5000\" data-animation_speed=\"600\" data-typo_sensitivity=\"1\" data-typo_factor=\"1.5\" style=\"max-width:100%;\">\n\t\t\t\t\t\t\t<ul class=\"slides\">\n\t\t\t\t\t\t\t\t\t\t\t\t\t\t\t\t\t<li data-mute=\"yes\" data-loop=\"yes\" data-autoplay=\"yes\">\n\t\t\t\t\t\t\t\t\t\t<div class=\"slide-content-container slide-content-left\" style=\"display: none;\">\n\t\t\t\t\t\t\t\t\t\t\t<div class=\"slide-content\" style=\"\">\n\t\t\t\t\t\t\t\t\t\t\t\t\t\t\t\t\t\t\t\t\t\t\t\t\t\t\t\t\t\t\t\t\t\t\t\t\t\t\t\t\t\t\t\t\t\t\t<\/div>\n\t\t\t\t\t\t\t\t\t\t<\/div>\n\t\t\t\t\t\t\t\t\t\t\t\t\t\t\t\t\t\t\t\t\t\t\t\t\t\t\t\t\t\t\t\t\t\t\t\t\t\t\t\t<div class=\"background background-image\" style=\"background-image: url(https:\/\/hagmann.co.at\/wp-content\/uploads\/2016\/09\/201312188613.jpg);max-width:100%;height:400px;filter: progid:DXImageTransform.Microsoft.AlphaImageLoader(src='https:\/\/hagmann.co.at\/wp-content\/uploads\/2016\/09\/201312188613.jpg', sizingMethod='scale');\" data-imgwidth=\"960\">\n\t\t\t\t\t\t\t\t\t\t\t\t\t\t\t\t\t\t\t\t\t\t\t\t\t\t\t\t\t\t\t\t\t\t\t\t\t\t\t\t\t\t\t\t\t\t\t\t\t\t\t\t\t\t\t\t\t\t\t\t\t\t\t\t\t\t<\/div>\n\t\t\t\t\t\t\t\t\t<\/li>\n\t\t\t\t\t\t\t\t\t\t\t\t\t\t\t\t\t<li data-mute=\"yes\" data-loop=\"yes\" data-autoplay=\"yes\">\n\t\t\t\t\t\t\t\t\t\t<div class=\"slide-content-container slide-content-left\" style=\"display: none;\">\n\t\t\t\t\t\t\t\t\t\t\t<div class=\"slide-content\" style=\"\">\n\t\t\t\t\t\t\t\t\t\t\t\t\t\t\t\t\t\t\t\t\t\t\t\t\t\t\t\t\t\t\t\t\t\t\t\t\t\t\t\t\t\t\t\t\t\t\t<\/div>\n\t\t\t\t\t\t\t\t\t\t<\/div>\n\t\t\t\t\t\t\t\t\t\t\t\t\t\t\t\t\t\t\t\t\t\t\t\t\t\t\t\t\t\t\t\t\t\t\t\t\t\t\t\t<div class=\"background background-image\" style=\"background-image: url(https:\/\/hagmann.co.at\/wp-content\/uploads\/2016\/09\/201312188611.jpg);max-width:100%;height:400px;filter: progid:DXImageTransform.Microsoft.AlphaImageLoader(src='https:\/\/hagmann.co.at\/wp-content\/uploads\/2016\/09\/201312188611.jpg', sizingMethod='scale');\" data-imgwidth=\"960\">\n\t\t\t\t\t\t\t\t\t\t\t\t\t\t\t\t\t\t\t\t\t\t\t\t\t\t\t\t\t\t\t\t\t\t\t\t\t\t\t\t\t\t\t\t\t\t\t\t\t\t\t\t\t\t\t\t\t\t\t\t\t\t\t\t\t\t<\/div>\n\t\t\t\t\t\t\t\t\t<\/li>\n\t\t\t\t\t\t\t\t\t\t\t\t\t\t\t\t\t<li data-mute=\"yes\" data-loop=\"yes\" data-autoplay=\"yes\">\n\t\t\t\t\t\t\t\t\t\t<div class=\"slide-content-container slide-content-left\" style=\"display: none;\">\n\t\t\t\t\t\t\t\t\t\t\t<div class=\"slide-content\" style=\"\">\n\t\t\t\t\t\t\t\t\t\t\t\t\t\t\t\t\t\t\t\t\t\t\t\t\t\t\t\t\t\t\t\t\t\t\t\t\t\t\t\t\t\t\t\t\t\t\t<\/div>\n\t\t\t\t\t\t\t\t\t\t<\/div>\n\t\t\t\t\t\t\t\t\t\t\t\t\t\t\t\t\t\t\t\t\t\t\t\t\t\t\t\t\t\t\t\t\t\t\t\t\t\t\t\t<div class=\"background background-image\" style=\"background-image: url(https:\/\/hagmann.co.at\/wp-content\/uploads\/2016\/09\/201312188610.jpg);max-width:100%;height:400px;filter: progid:DXImageTransform.Microsoft.AlphaImageLoader(src='https:\/\/hagmann.co.at\/wp-content\/uploads\/2016\/09\/201312188610.jpg', sizingMethod='scale');\" data-imgwidth=\"960\">\n\t\t\t\t\t\t\t\t\t\t\t\t\t\t\t\t\t\t\t\t\t\t\t\t\t\t\t\t\t\t\t\t\t\t\t\t\t\t\t\t\t\t\t\t\t\t\t\t\t\t\t\t\t\t\t\t\t\t\t\t\t\t\t\t\t\t<\/div>\n\t\t\t\t\t\t\t\t\t<\/li>\n\t\t\t\t\t\t\t\t\t\t\t\t\t\t\t\t\t<li data-mute=\"yes\" data-loop=\"yes\" data-autoplay=\"yes\">\n\t\t\t\t\t\t\t\t\t\t<div class=\"slide-content-container slide-content-left\" style=\"display: none;\">\n\t\t\t\t\t\t\t\t\t\t\t<div class=\"slide-content\" style=\"\">\n\t\t\t\t\t\t\t\t\t\t\t\t\t\t\t\t\t\t\t\t\t\t\t\t\t\t\t\t\t\t\t\t\t\t\t\t\t\t\t\t\t\t\t\t\t\t\t<\/div>\n\t\t\t\t\t\t\t\t\t\t<\/div>\n\t\t\t\t\t\t\t\t\t\t\t\t\t\t\t\t\t\t\t\t\t\t\t\t\t\t\t\t\t\t\t\t\t\t\t\t\t\t\t\t<div class=\"background background-image\" style=\"background-image: url(https:\/\/hagmann.co.at\/wp-content\/uploads\/2016\/09\/201312188612.jpg);max-width:100%;height:400px;filter: progid:DXImageTransform.Microsoft.AlphaImageLoader(src='https:\/\/hagmann.co.at\/wp-content\/uploads\/2016\/09\/201312188612.jpg', sizingMethod='scale');\" data-imgwidth=\"960\">\n\t\t\t\t\t\t\t\t\t\t\t\t\t\t\t\t\t\t\t\t\t\t\t\t\t\t\t\t\t\t\t\t\t\t\t\t\t\t\t\t\t\t\t\t\t\t\t\t\t\t\t\t\t\t\t\t\t\t\t\t\t\t\t\t\t\t<\/div>\n\t\t\t\t\t\t\t\t\t<\/li>\n\t\t\t\t\t\t\t\t\t\t\t\t\t\t\t\t\t\t\t\t\t\t\t<\/ul>\n\t\t\t\t\t\t<\/div>\n\t\t\t\t\t<\/div>\n\t\t\t\t\t\t\t\t<div class=\"fusion-clearfix\"><\/div><\/div><\/div><div class=\"fusion-layout-column fusion_builder_column fusion-builder-column-1 fusion_builder_column_1_1 1_1 fusion-one-full fusion-column-first fusion-column-last fusion-column-no-min-height white\" style=\"--awb-padding-top:40px;--awb-padding-right:30px;--awb-padding-bottom:30px;--awb-padding-left:30px;--awb-bg-color:#42250d;--awb-bg-color-hover:#42250d;--awb-bg-size:cover;--awb-margin-top:40px;\"><div class=\"fusion-column-wrapper fusion-flex-column-wrapper-legacy\"><div class=\"fusion-text fusion-text-1\"><h2>The good things in life still exist &#8230;<\/h2>\n<p>The principle of quality has been lived in our house for over 180 years, which is why our company works exclusively with traditional recipes and classic craftsmanship methods. This means that the master confectioner here still oversees production, not computers and circuits. And because we always make our chocolates fresh, chemical preservatives and similar ingredients are alien to us. The shelf life of our products is a direct result of the naturally longer shelf life of the ingredients (chocolate, brandy, liqueur, wine, honey, etc.).<\/p>\n<p>Our Wachauer chocolate represents high-quality ingredients from our homeland (Wachau and Waldviertel) and carefully hand-made production. This is what provides the unique taste, the special flair that radiates from this hand-made chocolate.<\/p>\n<ul>\n<li>Only the best ingredients and the finest raw materials are used.<\/li>\n<li>Production according to old or improved recipes.<\/li>\n<li>The Hagmann Confectionery constantly improves their own traditional recipes.<\/li>\n<li>Only highly qualified, certified confectioners are employed by us, and our success confirms our beliefs. Awarded the Austrian Coat of Arms, the Lower Austrian Handicraft Award, Golden Coffee Bean from Gault et Millau for Best Confectionery of 2001.<\/li>\n<li>Strong regional partners (Hellerschmid, Winzergenossenschaft Krems, Zwettler Bier)<\/li>\n<li>Reasonable pricing policy (reseller discount, etc.)<\/li>\n<\/ul>\n<\/div><div class=\"fusion-clearfix\"><\/div><\/div><\/div><\/div><\/div>\n","protected":false},"excerpt":{"rendered":"","protected":false},"author":22,"featured_media":0,"parent":0,"menu_order":0,"comment_status":"closed","ping_status":"closed","template":"100-width.php","meta":{"footnotes":""},"class_list":["post-918","page","type-page","status-publish","hentry"],"yoast_head":"<!-- This site is optimized with the Yoast SEO plugin v27.3 - https:\/\/yoast.com\/product\/yoast-seo-wordpress\/ -->\n<title>Wachauer Chocolate - Caf\u00e9-Konditorei Hagmann<\/title>\n<meta name=\"description\" content=\"Schokolade. Handgesch\u00f6pfte Schokolade aus der Wachau. Eigenes Design f\u00fcr Wiederverk\u00e4ufer. Wachauer Schokolade. Altstadt Krems.\" \/>\n<meta name=\"robots\" content=\"index, follow, max-snippet:-1, max-image-preview:large, max-video-preview:-1\" \/>\n<link rel=\"canonical\" href=\"https:\/\/hagmann.co.at\/en\/wachauer-chocolate\/\" \/>\n<meta property=\"og:locale\" content=\"en_US\" \/>\n<meta property=\"og:type\" content=\"article\" \/>\n<meta property=\"og:title\" content=\"Wachauer Chocolate - Caf\u00e9-Konditorei Hagmann\" \/>\n<meta property=\"og:description\" content=\"Schokolade. Handgesch\u00f6pfte Schokolade aus der Wachau. Eigenes Design f\u00fcr Wiederverk\u00e4ufer. Wachauer Schokolade. Altstadt Krems.\" \/>\n<meta property=\"og:url\" content=\"https:\/\/hagmann.co.at\/en\/wachauer-chocolate\/\" \/>\n<meta property=\"og:site_name\" content=\"Caf\u00e9-Konditorei Hagmann\" \/>\n<meta property=\"article:publisher\" content=\"https:\/\/www.facebook.com\/wachauerkonditorei\/\" \/>\n<meta property=\"article:modified_time\" content=\"2018-12-05T07:49:03+00:00\" \/>\n<meta name=\"twitter:card\" content=\"summary_large_image\" \/>\n<meta name=\"twitter:label1\" content=\"Est. reading time\" \/>\n\t<meta name=\"twitter:data1\" content=\"3 minutes\" \/>\n<script type=\"application\/ld+json\" class=\"yoast-schema-graph\">{\"@context\":\"https:\\\/\\\/schema.org\",\"@graph\":[{\"@type\":\"WebPage\",\"@id\":\"https:\\\/\\\/hagmann.co.at\\\/en\\\/wachauer-chocolate\\\/\",\"url\":\"https:\\\/\\\/hagmann.co.at\\\/en\\\/wachauer-chocolate\\\/\",\"name\":\"Wachauer Chocolate - Caf\u00e9-Konditorei Hagmann\",\"isPartOf\":{\"@id\":\"https:\\\/\\\/hagmann.co.at\\\/en\\\/#website\"},\"datePublished\":\"2018-12-04T08:35:21+00:00\",\"dateModified\":\"2018-12-05T07:49:03+00:00\",\"description\":\"Schokolade. Handgesch\u00f6pfte Schokolade aus der Wachau. Eigenes Design f\u00fcr Wiederverk\u00e4ufer. Wachauer Schokolade. Altstadt Krems.\",\"breadcrumb\":{\"@id\":\"https:\\\/\\\/hagmann.co.at\\\/en\\\/wachauer-chocolate\\\/#breadcrumb\"},\"inLanguage\":\"en-US\",\"potentialAction\":[{\"@type\":\"ReadAction\",\"target\":[\"https:\\\/\\\/hagmann.co.at\\\/en\\\/wachauer-chocolate\\\/\"]}]},{\"@type\":\"BreadcrumbList\",\"@id\":\"https:\\\/\\\/hagmann.co.at\\\/en\\\/wachauer-chocolate\\\/#breadcrumb\",\"itemListElement\":[{\"@type\":\"ListItem\",\"position\":1,\"name\":\"Startseite\",\"item\":\"https:\\\/\\\/hagmann.co.at\\\/en\\\/\"},{\"@type\":\"ListItem\",\"position\":2,\"name\":\"Wachauer Chocolate\"}]},{\"@type\":\"WebSite\",\"@id\":\"https:\\\/\\\/hagmann.co.at\\\/en\\\/#website\",\"url\":\"https:\\\/\\\/hagmann.co.at\\\/en\\\/\",\"name\":\"Caf\u00e9-Konditorei Hagmann\",\"description\":\"Wachauer Schokolade\",\"potentialAction\":[{\"@type\":\"SearchAction\",\"target\":{\"@type\":\"EntryPoint\",\"urlTemplate\":\"https:\\\/\\\/hagmann.co.at\\\/en\\\/?s={search_term_string}\"},\"query-input\":{\"@type\":\"PropertyValueSpecification\",\"valueRequired\":true,\"valueName\":\"search_term_string\"}}],\"inLanguage\":\"en-US\"}]}<\/script>\n<!-- \/ Yoast SEO plugin. -->","yoast_head_json":{"title":"Wachauer Chocolate - Caf\u00e9-Konditorei Hagmann","description":"Schokolade. Handgesch\u00f6pfte Schokolade aus der Wachau. Eigenes Design f\u00fcr Wiederverk\u00e4ufer. Wachauer Schokolade. Altstadt Krems.","robots":{"index":"index","follow":"follow","max-snippet":"max-snippet:-1","max-image-preview":"max-image-preview:large","max-video-preview":"max-video-preview:-1"},"canonical":"https:\/\/hagmann.co.at\/en\/wachauer-chocolate\/","og_locale":"en_US","og_type":"article","og_title":"Wachauer Chocolate - Caf\u00e9-Konditorei Hagmann","og_description":"Schokolade. Handgesch\u00f6pfte Schokolade aus der Wachau. Eigenes Design f\u00fcr Wiederverk\u00e4ufer. Wachauer Schokolade. Altstadt Krems.","og_url":"https:\/\/hagmann.co.at\/en\/wachauer-chocolate\/","og_site_name":"Caf\u00e9-Konditorei Hagmann","article_publisher":"https:\/\/www.facebook.com\/wachauerkonditorei\/","article_modified_time":"2018-12-05T07:49:03+00:00","twitter_card":"summary_large_image","twitter_misc":{"Est. reading time":"3 minutes"},"schema":{"@context":"https:\/\/schema.org","@graph":[{"@type":"WebPage","@id":"https:\/\/hagmann.co.at\/en\/wachauer-chocolate\/","url":"https:\/\/hagmann.co.at\/en\/wachauer-chocolate\/","name":"Wachauer Chocolate - Caf\u00e9-Konditorei Hagmann","isPartOf":{"@id":"https:\/\/hagmann.co.at\/en\/#website"},"datePublished":"2018-12-04T08:35:21+00:00","dateModified":"2018-12-05T07:49:03+00:00","description":"Schokolade. Handgesch\u00f6pfte Schokolade aus der Wachau. Eigenes Design f\u00fcr Wiederverk\u00e4ufer. Wachauer Schokolade. Altstadt Krems.","breadcrumb":{"@id":"https:\/\/hagmann.co.at\/en\/wachauer-chocolate\/#breadcrumb"},"inLanguage":"en-US","potentialAction":[{"@type":"ReadAction","target":["https:\/\/hagmann.co.at\/en\/wachauer-chocolate\/"]}]},{"@type":"BreadcrumbList","@id":"https:\/\/hagmann.co.at\/en\/wachauer-chocolate\/#breadcrumb","itemListElement":[{"@type":"ListItem","position":1,"name":"Startseite","item":"https:\/\/hagmann.co.at\/en\/"},{"@type":"ListItem","position":2,"name":"Wachauer Chocolate"}]},{"@type":"WebSite","@id":"https:\/\/hagmann.co.at\/en\/#website","url":"https:\/\/hagmann.co.at\/en\/","name":"Caf\u00e9-Konditorei Hagmann","description":"Wachauer Schokolade","potentialAction":[{"@type":"SearchAction","target":{"@type":"EntryPoint","urlTemplate":"https:\/\/hagmann.co.at\/en\/?s={search_term_string}"},"query-input":{"@type":"PropertyValueSpecification","valueRequired":true,"valueName":"search_term_string"}}],"inLanguage":"en-US"}]}},"_links":{"self":[{"href":"https:\/\/hagmann.co.at\/en\/wp-json\/wp\/v2\/pages\/918","targetHints":{"allow":["GET"]}}],"collection":[{"href":"https:\/\/hagmann.co.at\/en\/wp-json\/wp\/v2\/pages"}],"about":[{"href":"https:\/\/hagmann.co.at\/en\/wp-json\/wp\/v2\/types\/page"}],"author":[{"embeddable":true,"href":"https:\/\/hagmann.co.at\/en\/wp-json\/wp\/v2\/users\/22"}],"replies":[{"embeddable":true,"href":"https:\/\/hagmann.co.at\/en\/wp-json\/wp\/v2\/comments?post=918"}],"version-history":[{"count":0,"href":"https:\/\/hagmann.co.at\/en\/wp-json\/wp\/v2\/pages\/918\/revisions"}],"wp:attachment":[{"href":"https:\/\/hagmann.co.at\/en\/wp-json\/wp\/v2\/media?parent=918"}],"curies":[{"name":"wp","href":"https:\/\/api.w.org\/{rel}","templated":true}]}}